{"id":11689,"date":"2023-11-03T14:22:23","date_gmt":"2023-11-03T18:22:23","guid":{"rendered":"https:\/\/koyle.cl\/?post_type=product&#038;p=11689"},"modified":"2026-01-29T12:22:49","modified_gmt":"2026-01-29T16:22:49","slug":"cerro-basalto-mediterraneo-3","status":"publish","type":"product","link":"https:\/\/koyle.cl\/en\/producto\/cerro-basalto-mediterraneo-3\/","title":{"rendered":"CERRO BASALTO MEDITERR\u00c1NEO"},"content":{"rendered":"<p>Las uvas son cosechadas de peque\u00f1as parcelas en alta densidad ubicadas en Los Lingues para luego ser seleccionadas cuidadosamente en la bodega. Los suelos de origen volc\u00e1nicos poseen laderas ricas en roca bas\u00e1ltica, donde las ra\u00edces absorben la mineralidad y la frescura de esta roca. Las parcelas de Cerro Basalto se encuentran en el sector noreste de la tercera terraza, y los suelos tienen una alta concentraci\u00f3n de hierro que le entrega una expresi\u00f3n elegante y \u00fanica a este ensamblaje.<\/p>\n<p>Las uvas son cosechadas en su madurez \u00f3ptima y seleccionadas a mano para llevarlas a la bodega. La vinificaci\u00f3n se realiza en peque\u00f1os tanques con levaduras nativas, la extracci\u00f3n se realiza s\u00f3lo con pisoneos manuales para obtener una fina expresion de estas 4 variedades. El envejecimiento tiene una primera etapa en donde cada variedad pasa 12 meses en huevos o fudres, para terminar uniendo en una mezcla que pasara otros 6 meses en foudres de roble frances hasta ser envasados sin filtracion.<\/p>\n","protected":false},"excerpt":{"rendered":"<p><a href=\"https:\/\/koyle.cl\/wp-content\/uploads\/2023\/11\/32fc0fb6-cfd0-460b-8efa-8bcdc2ef1a53.jpg\"><img fetchpriority=\"high\" decoding=\"async\" class=\"alignnone size-medium wp-image-11749\" src=\"https:\/\/koyle.cl\/wp-content\/uploads\/2023\/11\/32fc0fb6-cfd0-460b-8efa-8bcdc2ef1a53-300x295.jpg\" alt=\"\" width=\"300\" height=\"295\" srcset=\"https:\/\/koyle.cl\/wp-content\/uploads\/2023\/11\/32fc0fb6-cfd0-460b-8efa-8bcdc2ef1a53-300x295.jpg 300w, https:\/\/koyle.cl\/wp-content\/uploads\/2023\/11\/32fc0fb6-cfd0-460b-8efa-8bcdc2ef1a53-149x146.jpg 149w, https:\/\/koyle.cl\/wp-content\/uploads\/2023\/11\/32fc0fb6-cfd0-460b-8efa-8bcdc2ef1a53-50x50.jpg 50w, https:\/\/koyle.cl\/wp-content\/uploads\/2023\/11\/32fc0fb6-cfd0-460b-8efa-8bcdc2ef1a53-76x75.jpg 76w, https:\/\/koyle.cl\/wp-content\/uploads\/2023\/11\/32fc0fb6-cfd0-460b-8efa-8bcdc2ef1a53-85x85.jpg 85w, https:\/\/koyle.cl\/wp-content\/uploads\/2023\/11\/32fc0fb6-cfd0-460b-8efa-8bcdc2ef1a53-80x80.jpg 80w, https:\/\/koyle.cl\/wp-content\/uploads\/2023\/11\/32fc0fb6-cfd0-460b-8efa-8bcdc2ef1a53.jpg 399w\" sizes=\"(max-width: 300px) 100vw, 300px\" \/><\/a><a href=\"https:\/\/koyle.cl\/wp-content\/uploads\/2023\/11\/c9439bac-2eb9-4d5c-8f73-614588fdb679.jpg\"><img decoding=\"async\" class=\"alignnone size-medium wp-image-11751\" src=\"https:\/\/koyle.cl\/wp-content\/uploads\/2023\/11\/c9439bac-2eb9-4d5c-8f73-614588fdb679-300x300.jpg\" alt=\"\" width=\"300\" height=\"300\" srcset=\"https:\/\/koyle.cl\/wp-content\/uploads\/2023\/11\/c9439bac-2eb9-4d5c-8f73-614588fdb679-300x300.jpg 300w, https:\/\/koyle.cl\/wp-content\/uploads\/2023\/11\/c9439bac-2eb9-4d5c-8f73-614588fdb679-150x150.jpg 150w, https:\/\/koyle.cl\/wp-content\/uploads\/2023\/11\/c9439bac-2eb9-4d5c-8f73-614588fdb679-145x146.jpg 145w, https:\/\/koyle.cl\/wp-content\/uploads\/2023\/11\/c9439bac-2eb9-4d5c-8f73-614588fdb679-50x50.jpg 50w, https:\/\/koyle.cl\/wp-content\/uploads\/2023\/11\/c9439bac-2eb9-4d5c-8f73-614588fdb679-75x75.jpg 75w, https:\/\/koyle.cl\/wp-content\/uploads\/2023\/11\/c9439bac-2eb9-4d5c-8f73-614588fdb679-85x85.jpg 85w, https:\/\/koyle.cl\/wp-content\/uploads\/2023\/11\/c9439bac-2eb9-4d5c-8f73-614588fdb679-80x80.jpg 80w, https:\/\/koyle.cl\/wp-content\/uploads\/2023\/11\/c9439bac-2eb9-4d5c-8f73-614588fdb679-100x100.jpg 100w, https:\/\/koyle.cl\/wp-content\/uploads\/2023\/11\/c9439bac-2eb9-4d5c-8f73-614588fdb679.jpg 437w\" sizes=\"(max-width: 300px) 100vw, 300px\" \/><\/a><a href=\"https:\/\/koyle.cl\/wp-content\/uploads\/2023\/11\/df861747-7ba2-4899-9c71-baa108b78234.jpg\"><img decoding=\"async\" class=\"alignnone size-medium wp-image-11753\" src=\"https:\/\/koyle.cl\/wp-content\/uploads\/2023\/11\/df861747-7ba2-4899-9c71-baa108b78234-300x300.jpg\" alt=\"\" width=\"300\" height=\"300\" srcset=\"https:\/\/koyle.cl\/wp-content\/uploads\/2023\/11\/df861747-7ba2-4899-9c71-baa108b78234-300x300.jpg 300w, https:\/\/koyle.cl\/wp-content\/uploads\/2023\/11\/df861747-7ba2-4899-9c71-baa108b78234-150x150.jpg 150w, https:\/\/koyle.cl\/wp-content\/uploads\/2023\/11\/df861747-7ba2-4899-9c71-baa108b78234-146x146.jpg 146w, https:\/\/koyle.cl\/wp-content\/uploads\/2023\/11\/df861747-7ba2-4899-9c71-baa108b78234-50x50.jpg 50w, https:\/\/koyle.cl\/wp-content\/uploads\/2023\/11\/df861747-7ba2-4899-9c71-baa108b78234-75x75.jpg 75w, https:\/\/koyle.cl\/wp-content\/uploads\/2023\/11\/df861747-7ba2-4899-9c71-baa108b78234-85x85.jpg 85w, https:\/\/koyle.cl\/wp-content\/uploads\/2023\/11\/df861747-7ba2-4899-9c71-baa108b78234-80x80.jpg 80w, https:\/\/koyle.cl\/wp-content\/uploads\/2023\/11\/df861747-7ba2-4899-9c71-baa108b78234-100x100.jpg 100w, https:\/\/koyle.cl\/wp-content\/uploads\/2023\/11\/df861747-7ba2-4899-9c71-baa108b78234.jpg 639w\" sizes=\"(max-width: 300px) 100vw, 300px\" \/><\/a><\/p>\n","protected":false},"featured_media":11636,"template":"","meta":{"_acf_changed":false},"product_brand":[],"product_cat":[35],"product_tag":[117],"variedad":[],"origen":[41],"certificaciones":[52,53,54,55],"campana-ads":[],"ano":[],"class_list":{"0":"post-11689","1":"product","2":"type-product","3":"status-publish","4":"has-post-thumbnail","6":"product_cat-cerro-basalto","7":"product_tag-caja-de-6","8":"origen-vinedo-los-lingues","9":"certificaciones-vegan-society","10":"certificaciones-demeter-biodinamica","11":"certificaciones-certificacion-ecocert-organica","12":"certificaciones-non-gmo-no-godificado-geneticamente","14":"first","15":"instock","16":"taxable","17":"shipping-taxable","18":"purchasable","19":"product-type-simple"},"acf":[],"_links":{"self":[{"href":"https:\/\/koyle.cl\/en\/wp-json\/wp\/v2\/product\/11689","targetHints":{"allow":["GET"]}}],"collection":[{"href":"https:\/\/koyle.cl\/en\/wp-json\/wp\/v2\/product"}],"about":[{"href":"https:\/\/koyle.cl\/en\/wp-json\/wp\/v2\/types\/product"}],"wp:featuredmedia":[{"embeddable":true,"href":"https:\/\/koyle.cl\/en\/wp-json\/wp\/v2\/media\/11636"}],"wp:attachment":[{"href":"https:\/\/koyle.cl\/en\/wp-json\/wp\/v2\/media?parent=11689"}],"wp:term":[{"taxonomy":"product_brand","embeddable":true,"href":"https:\/\/koyle.cl\/en\/wp-json\/wp\/v2\/product_brand?post=11689"},{"taxonomy":"product_cat","embeddable":true,"href":"https:\/\/koyle.cl\/en\/wp-json\/wp\/v2\/product_cat?post=11689"},{"taxonomy":"product_tag","embeddable":true,"href":"https:\/\/koyle.cl\/en\/wp-json\/wp\/v2\/product_tag?post=11689"},{"taxonomy":"variedad","embeddable":true,"href":"https:\/\/koyle.cl\/en\/wp-json\/wp\/v2\/variedad?post=11689"},{"taxonomy":"origen","embeddable":true,"href":"https:\/\/koyle.cl\/en\/wp-json\/wp\/v2\/origen?post=11689"},{"taxonomy":"certificaciones","embeddable":true,"href":"https:\/\/koyle.cl\/en\/wp-json\/wp\/v2\/certificaciones?post=11689"},{"taxonomy":"campana-ads","embeddable":true,"href":"https:\/\/koyle.cl\/en\/wp-json\/wp\/v2\/campana-ads?post=11689"},{"taxonomy":"ano","embeddable":true,"href":"https:\/\/koyle.cl\/en\/wp-json\/wp\/v2\/ano?post=11689"}],"curies":[{"name":"wp","href":"https:\/\/api.w.org\/{rel}","templated":true}]}}